{"id":125,"date":"2024-09-09T10:47:01","date_gmt":"2024-09-09T10:47:01","guid":{"rendered":"https:\/\/webntechdesign.com\/maryLamb\/?page_id=125"},"modified":"2026-04-13T14:28:52","modified_gmt":"2026-04-13T14:28:52","slug":"about-the-author","status":"publish","type":"page","link":"https:\/\/webntechcreative.com\/avdo\/about-the-author\/","title":{"rendered":"About The Author"},"content":{"rendered":"\t\t<div data-elementor-type=\"wp-page\" data-elementor-id=\"125\" class=\"elementor elementor-125\">\n\t\t\t\t<div class=\"elementor-element elementor-element-4bdc9b4 e-flex e-con-boxed e-con e-parent\" data-id=\"4bdc9b4\" data-element_type=\"container\" data-e-type=\"container\" data-settings=\"{&quot;background_background&quot;:&quot;classic&quot;}\">\n\t\t\t\t\t<div class=\"e-con-inner\">\n\t\t<div class=\"elementor-element elementor-element-a956019 e-con-full e-flex e-con e-child\" data-id=\"a956019\" data-element_type=\"container\" data-e-type=\"container\">\n\t\t\t\t<div class=\"elementor-element elementor-element-a3a375b elementor-invisible elementor-widget elementor-widget-heading\" data-id=\"a3a375b\" data-element_type=\"widget\" data-e-type=\"widget\" data-settings=\"{&quot;_animation&quot;:&quot;fadeIn&quot;}\" data-widget_type=\"heading.default\">\n\t\t\t\t<div class=\"elementor-widget-container\">\n\t\t\t\t\t<h1 class=\"elementor-heading-title elementor-size-default\">About The Author<\/h1>\t\t\t\t<\/div>\n\t\t\t\t<\/div>\n\t\t\t\t<\/div>\n\t\t\t\t\t<\/div>\n\t\t\t\t<\/div>\n\t\t<div class=\"elementor-element elementor-element-24c6f58 e-flex e-con-boxed e-con e-parent\" data-id=\"24c6f58\" data-element_type=\"container\" data-e-type=\"container\" data-settings=\"{&quot;background_background&quot;:&quot;classic&quot;}\">\n\t\t\t\t\t<div class=\"e-con-inner\">\n\t\t<div class=\"elementor-element elementor-element-3f358c2 e-con-full e-flex e-con e-child\" data-id=\"3f358c2\" data-element_type=\"container\" data-e-type=\"container\">\n\t\t<div class=\"elementor-element elementor-element-c4f8bcc e-con-full e-flex e-con e-child\" data-id=\"c4f8bcc\" data-element_type=\"container\" data-e-type=\"container\">\n\t\t<div class=\"elementor-element elementor-element-3e63e46 e-con-full e-flex e-con e-child\" data-id=\"3e63e46\" data-element_type=\"container\" data-e-type=\"container\">\n\t\t\t\t<div class=\"elementor-element elementor-element-d451ce3 animated-slow elementor-invisible elementor-widget elementor-widget-image\" data-id=\"d451ce3\" data-element_type=\"widget\" data-e-type=\"widget\" data-settings=\"{&quot;_animation&quot;:&quot;fadeInLeft&quot;}\" data-widget_type=\"image.default\">\n\t\t\t\t<div class=\"elementor-widget-container\">\n\t\t\t\t\t\t\t\t\t\t\t\t\t\t\t<img fetchpriority=\"high\" decoding=\"async\" width=\"653\" height=\"752\" src=\"https:\/\/webntechcreative.com\/avdo\/wp-content\/uploads\/2026\/04\/author1-e1776090380983.png\" class=\"elementor-animation-float attachment-full size-full wp-image-366\" alt=\"\" \/>\t\t\t\t\t\t\t\t\t\t\t\t\t\t\t<\/div>\n\t\t\t\t<\/div>\n\t\t\t\t<\/div>\n\t\t<div class=\"elementor-element elementor-element-4ab61ac e-con-full e-flex e-con e-child\" data-id=\"4ab61ac\" data-element_type=\"container\" data-e-type=\"container\">\n\t\t\t\t<div class=\"elementor-element elementor-element-31c3d6c elementor-invisible elementor-widget elementor-widget-heading\" data-id=\"31c3d6c\" data-element_type=\"widget\" data-e-type=\"widget\" data-settings=\"{&quot;_animation&quot;:&quot;fadeIn&quot;}\" data-widget_type=\"heading.default\">\n\t\t\t\t<div class=\"elementor-widget-container\">\n\t\t\t\t\t<h1 class=\"elementor-heading-title elementor-size-default\">Avdo Metjahi\u0107 <\/h1>\t\t\t\t<\/div>\n\t\t\t\t<\/div>\n\t\t\t\t<div class=\"elementor-element elementor-element-44fa519 elementor-widget elementor-widget-heading\" data-id=\"44fa519\" data-element_type=\"widget\" data-e-type=\"widget\" data-widget_type=\"heading.default\">\n\t\t\t\t<div class=\"elementor-widget-container\">\n\t\t\t\t\t<h5 class=\"elementor-heading-title elementor-size-default\">I am a Bosniak writer, activist, and publicist, originally from Plav and Gusinje in Montenegro, formerly part of Yugoslavia. I was born in 1947 to a Bosniak father, Omer, and an Albanian mother, \u0110ulja\u2014heritage that has given me a deep sense of belonging to two cultures that continue to shape my life and creative work.<br><br>\nI grew up in the Plav\u2013Gusinje region, an area rich in multicultural tradition, where the histories of Bosniaks, Albanians, and other peoples intertwine. It was there that my worldview was formed, along with a lasting sense of justice and a deep connection to my people and their destiny.\n<\/h5>\t\t\t\t<\/div>\n\t\t\t\t<\/div>\n\t\t\t\t<\/div>\n\t\t\t\t<\/div>\n\t\t<div class=\"elementor-element elementor-element-dbaf4e1 e-con-full e-flex e-con e-child\" data-id=\"dbaf4e1\" data-element_type=\"container\" data-e-type=\"container\">\n\t\t<div class=\"elementor-element elementor-element-a9e4113 e-con-full e-flex e-con e-child\" data-id=\"a9e4113\" data-element_type=\"container\" data-e-type=\"container\">\n\t\t\t\t<div class=\"elementor-element elementor-element-decd64b elementor-widget elementor-widget-heading\" data-id=\"decd64b\" data-element_type=\"widget\" data-e-type=\"widget\" data-widget_type=\"heading.default\">\n\t\t\t\t<div class=\"elementor-widget-container\">\n\t\t\t\t\t<h5 class=\"elementor-heading-title elementor-size-default\">In 1970, I emigrated to the United States, settling in New York in search of a better life for my family. Along the way, I learned Italian in Rome, and after arriving in America, I worked a series of honest and demanding jobs\u2014beginning as a toolmaker and continuing in various roles until my retirement in the 1990s.\u00a0\n<br><br>\nSince 1979, I have been actively involved in Bosniak community life in the United States. One of the most meaningful chapters of this work was editing the Bosniak Radio Hour in New York (1991\u20131994), a program dedicated to preserving the Bosnian language, culture, and identity within the diaspora. I have also contributed to the work of the Plav\u2013Gusinje Cultural Center in New York.<\/h5>\t\t\t\t<\/div>\n\t\t\t\t<\/div>\n\t\t\t\t<\/div>\n\t\t<div class=\"elementor-element elementor-element-77365fb e-con-full e-flex e-con e-child\" data-id=\"77365fb\" data-element_type=\"container\" data-e-type=\"container\">\n\t\t\t\t<div class=\"elementor-element elementor-element-37425a9 animated-slow elementor-invisible elementor-widget elementor-widget-image\" data-id=\"37425a9\" data-element_type=\"widget\" data-e-type=\"widget\" data-settings=\"{&quot;_animation&quot;:&quot;fadeInRight&quot;}\" data-widget_type=\"image.default\">\n\t\t\t\t<div class=\"elementor-widget-container\">\n\t\t\t\t\t\t\t\t\t\t\t\t\t\t\t<img decoding=\"async\" width=\"653\" height=\"753\" src=\"https:\/\/webntechcreative.com\/avdo\/wp-content\/uploads\/2026\/04\/author2-e1776090395982.png\" class=\"elementor-animation-float attachment-full size-full wp-image-367\" alt=\"\" \/>\t\t\t\t\t\t\t\t\t\t\t\t\t\t\t<\/div>\n\t\t\t\t<\/div>\n\t\t\t\t<\/div>\n\t\t\t\t<\/div>\n\t\t<div class=\"elementor-element elementor-element-9e12398 e-con-full e-flex e-con e-child\" data-id=\"9e12398\" data-element_type=\"container\" data-e-type=\"container\">\n\t\t<div class=\"elementor-element elementor-element-ae9b0b6 e-con-full e-flex e-con e-child\" data-id=\"ae9b0b6\" data-element_type=\"container\" data-e-type=\"container\">\n\t\t\t\t<div class=\"elementor-element elementor-element-e60e25c animated-slow elementor-invisible elementor-widget elementor-widget-image\" data-id=\"e60e25c\" data-element_type=\"widget\" data-e-type=\"widget\" data-settings=\"{&quot;_animation&quot;:&quot;fadeInLeft&quot;}\" data-widget_type=\"image.default\">\n\t\t\t\t<div class=\"elementor-widget-container\">\n\t\t\t\t\t\t\t\t\t\t\t\t\t\t\t<img decoding=\"async\" width=\"653\" height=\"753\" src=\"https:\/\/webntechcreative.com\/avdo\/wp-content\/uploads\/2026\/04\/author3-e1776090421874.png\" class=\"elementor-animation-float attachment-full size-full wp-image-368\" alt=\"\" \/>\t\t\t\t\t\t\t\t\t\t\t\t\t\t\t<\/div>\n\t\t\t\t<\/div>\n\t\t\t\t<\/div>\n\t\t<div class=\"elementor-element elementor-element-0e6e12a e-con-full e-flex e-con e-child\" data-id=\"0e6e12a\" data-element_type=\"container\" data-e-type=\"container\">\n\t\t\t\t<div class=\"elementor-element elementor-element-a3d6b55 elementor-widget elementor-widget-text-editor\" data-id=\"a3d6b55\" data-element_type=\"widget\" data-e-type=\"widget\" data-widget_type=\"text-editor.default\">\n\t\t\t\t<div class=\"elementor-widget-container\">\n\t\t\t\t\t\t\t\t\t<p>My engagement has been inspired by distinguished intellectuals such as Dr. Jakub Ba\u010di\u0107 of Columbia University.<\/p><p>I am the author of several novels that explore the history of the Balkans and the lives, struggles, and destinies of Bosniaks and Albanians from Plav, Gusinje, Sand\u017eak, and Kosovo. My published works include:<\/p><ul><li><strong><em>Elderly Conversations<\/em><\/strong><em>\u00a0 &#8211;\u00a0 Stara\u010dki muhabeti<\/em> (2004)<\/li><li><strong><em>Exile<\/em><\/strong><em> &#8211; Muhad\u017eerluk<\/em> (2012)<\/li><li><strong>Djafar Pasha Koljindar<\/strong> &#8211; <em>D\u017eafer-pa\u0161a Koljindar<\/em> (2016)<\/li><li><strong>Winds of the Prokletije<\/strong> &#8211; <em>Vjetrovi Prokletija<\/em> (2021)<\/li><li><strong>\u201cFortress of Freedom<\/strong><em> &#8211; Tvr\u0111ava slobode<\/em> (2025)<\/li><\/ul>\t\t\t\t\t\t\t\t<\/div>\n\t\t\t\t<\/div>\n\t\t\t\t<\/div>\n\t\t\t\t<\/div>\n\t\t<div class=\"elementor-element elementor-element-02f2638 e-con-full e-flex e-con e-child\" data-id=\"02f2638\" data-element_type=\"container\" data-e-type=\"container\">\n\t\t\t\t<div class=\"elementor-element elementor-element-226ac85 elementor-widget elementor-widget-text-editor\" data-id=\"226ac85\" data-element_type=\"widget\" data-e-type=\"widget\" data-widget_type=\"text-editor.default\">\n\t\t\t\t<div class=\"elementor-widget-container\">\n\t\t\t\t\t\t\t\t\t<p>My latest novel, <em>The Quiet Strength of Man<\/em>, is now available in English. <em>Tvr\u0111ava slobode<\/em> (2025) has also been translated into English and will soon be published in the United States, following its release in the Balkans.<\/p><p>Through my writing, I explore themes of migration, exile, Ottoman history, and the enduring struggle for dignity and survival. My work is rooted in true events and personal testimonies, with the aim of preserving collective memory and bearing witness to the experiences of my people.\u00a0<\/p><p>Key themes in my work include:<\/p><ul><li>oral tradition and the wisdom of older generations;<\/li><li>migration and exile, with their pain and hope;<\/li><li>resistance to injustice through historical figures and lived stories;<\/li><li>the fall of empires and the lasting impact of the Balkan wars.<\/li><\/ul><p>My writing seeks to build a bridge between cultures\u2014especially Bosniak and Albanian\u2014and to stand as a testament to truth and justice. I believe that truth remains the foundation of all meaningful human progress.<\/p><p>Today I live near Albany (New York) with my wife Selvija, surrounded by our family: we have five children, fifteen grandchildren, and six great-grandchildren. Even in the later years of my life, I continue to write and collaborate with several web magazines, remaining faithful to the written word as my lifelong calling.<\/p><p>A few sentences from the review of the novel <em>\u201cWinds of Prokletije\u201d<\/em> by Academician Prof. Dr. Ferid Muhi\u0107:<\/p><p><em>\u201cWinds of Prokletije\u201d is a powerful literary-historical essay on the tragedy of the Plav-Gusinje region during the collapse of the Ottoman Empire and the rise of Montenegrin-Serbian rule. Through four thematically structured parts, the novel follows Ali Pasha \u0160abanagi\u0107, the fall of the Plav-Gusinje district, the resistance of Elmaz Aga and the ka\u00e7aks, as well as the proselytism and crimes of the Karadag authorities, drawing on precisely documented historical events. Masterful dialogue in authentic local dialect, convincingly developed characters, and a deeply humanistic message make this book both highly readable and profoundly moving\u2014a testimony to the destruction of an entire world and the endurance of human dignity. This is a book of truth, courage, and nobility, essential for all who seek to understand Balkan history and the distinction between perpetrators and victims.\u201d<\/em><\/p><p><em>&#8212;&#8212;&#8212;&#8212;&#8212;&#8212;&#8212;&#8212;&#8212;&#8212;&#8212;&#8212;&#8212;&#8212;&#8212;&#8212;&#8212;&#8212;&#8212;&#8212;&#8212;&#8212;&#8212;&#8212;&#8212;&#8212;&#8212;&#8212;&#8212;<\/em><\/p><p>Also, a few sentences from the review of the\u00a0 on the novel <em>\u201cDjafar Pasha Koljindar\u201d<\/em> by <strong>pf. dr. Ferid Muhi\u0107<\/strong><\/p><p><em>\u201eHistorical truths\u2014a book about the loyalty and self-sacrifice of the Bosniaks as a people, and of Djafer Pasha as one of their finest members and representatives. It is a book about heroism and compassion, about courage and humanity, about nobility and the self-respect of the Bosniaks. Ultimately, D\u017eafer Pasha is a kind of book we have not seen in a long time, and one we have long awaited: a book by a Bosniak author about a Bosniak historical figure, written with deep respect for the Bosniak people. The book about D\u017eafer Pasha Koljindar-Koljenovi\u0107 is a book of confidence and pride, from whose every page and every sentence radiates the brilliance of the Bosniak national character, epitomized in this extraordinary man\u2014its central figure\u201c.<\/em><\/p>\t\t\t\t\t\t\t\t<\/div>\n\t\t\t\t<\/div>\n\t\t\t\t<\/div>\n\t\t\t\t<\/div>\n\t\t\t\t\t<\/div>\n\t\t\t\t<\/div>\n\t\t\t\t<\/div>\n\t\t","protected":false},"excerpt":{"rendered":"<p>About The Author Avdo Metjahi\u0107 I am a Bosniak writer, activist, and publicist, originally from Plav and Gusinje in Montenegro, formerly part of Yugoslavia. I was born in 1947 to a Bosniak father, Omer, and an Albanian mother, \u0110ulja\u2014heritage that has given me a deep sense of belonging to two cultures that continue to shape &#8230; <a title=\"About The Author\" class=\"read-more\" href=\"https:\/\/webntechcreative.com\/avdo\/about-the-author\/\" aria-label=\"Read more about About The Author\">Read more<\/a><\/p>\n","protected":false},"author":1,"featured_media":0,"parent":0,"menu_order":0,"comment_status":"closed","ping_status":"closed","template":"elementor_header_footer","meta":{"footnotes":""},"class_list":["post-125","page","type-page","status-publish"],"_links":{"self":[{"href":"https:\/\/webntechcreative.com\/avdo\/wp-json\/wp\/v2\/pages\/125","targetHints":{"allow":["GET"]}}],"collection":[{"href":"https:\/\/webntechcreative.com\/avdo\/wp-json\/wp\/v2\/pages"}],"about":[{"href":"https:\/\/webntechcreative.com\/avdo\/wp-json\/wp\/v2\/types\/page"}],"author":[{"embeddable":true,"href":"https:\/\/webntechcreative.com\/avdo\/wp-json\/wp\/v2\/users\/1"}],"replies":[{"embeddable":true,"href":"https:\/\/webntechcreative.com\/avdo\/wp-json\/wp\/v2\/comments?post=125"}],"version-history":[{"count":25,"href":"https:\/\/webntechcreative.com\/avdo\/wp-json\/wp\/v2\/pages\/125\/revisions"}],"predecessor-version":[{"id":375,"href":"https:\/\/webntechcreative.com\/avdo\/wp-json\/wp\/v2\/pages\/125\/revisions\/375"}],"wp:attachment":[{"href":"https:\/\/webntechcreative.com\/avdo\/wp-json\/wp\/v2\/media?parent=125"}],"curies":[{"name":"wp","href":"https:\/\/api.w.org\/{rel}","templated":true}]}}